{"id":1078,"date":"2023-08-07T18:34:13","date_gmt":"2023-08-07T16:34:13","guid":{"rendered":"https:\/\/seelenlicht.info\/?page_id=1078"},"modified":"2023-08-07T19:31:08","modified_gmt":"2023-08-07T17:31:08","slug":"kin","status":"publish","type":"page","link":"https:\/\/peter.weidlinger.me\/?page_id=1078","title":{"rendered":"Kin"},"content":{"rendered":"\n<h3 class=\"wp-block-heading\">Tagesenergien<\/h3>\n\n\n\n<p>Beim TzolKin gibt es der 260 Zeichen (KIN\u2018s) der jeden Tag eines zugeordnet wird. Damit erh\u00e4lt jeder Tag seine ganz spezifische, energetische Signatur aus einem der 20 Zeichen und den 13 Zahlen.<\/p>\n\n\n\n<p>Wenn wir davon ausgehen, dass die 20 Zeichen sogenannten \u201eArchetypen\u201c entsprechen und die 13 T\u00f6ne als \u201eSchwingungen\u201c oder Frequenzen betrachtet werden k\u00f6nnen, dann k\u00f6nnen wir dieses Wissen, wie es die Maya heute noch tun, optimal f\u00fcr unser individuelles und kollektives, spirituelles Wachstum ben\u00fctzen.<\/p>\n\n\n\n<p>Diese Synchronizit\u00e4ten sind laut den Maya Zeichen, dass wir unseren optimalen Lebensweg, von den Maya \u201eZuvuya\u201c genannt, gekreuzt haben. Je mehr solche \u201eZuf\u00e4lle\u201c in unserem Leben auftauchen, desto mehr synchronisieren wir uns mit dem individuellen Seelenplan. Wir erleben das, was allgemein \u201eFlow\u201c genannt wird und mit zunehmender Erfahrung und konsequenter Anwendung der \u201eGesetze der Zeit\u201c sp\u00fcren wir, wie sich der tiefere Sinn unseres Lebens manifestiert.<\/p>\n\n\n\n<hr class=\"wp-block-separator has-alpha-channel-opacity\"\/>\n\n\n\n<p>Es gibt &#8220;Dreamspell&#8221; von einen Jos\u00e9 Arg\u00fcelles und ist ein erfundenes \u201eNew Age\u201c-System und &#8220;Truecount&#8221; von einem Carl Calleman auch als lange oder traditionelle Z\u00e4hlung genannt.<\/p>\n\n\n\n<p>Beide basieren auf den 20 Siegel der Zeit (auch Nahuales oder Archetypen der Zeit genannt), den 13 T\u00f6nen der Sch\u00f6pfung (Vibrationen, Schwingungen, Energien etc.)<\/p>\n\n\n\n<p>Sie unterscheiden sich an der Berechnung.<\/p>\n\n\n\n","protected":false},"excerpt":{"rendered":"<p>Tagesenergien Beim TzolKin gibt es der 260 Zeichen (KIN\u2018s) der jeden Tag eines zugeordnet wird. Damit erh\u00e4lt jeder Tag seine ganz spezifische, energetische Signatur aus einem der 20 Zeichen und den 13 Zahlen. Wenn wir davon ausgehen, dass die 20 Zeichen sogenannten \u201eArchetypen\u201c entsprechen und die 13 T\u00f6ne als \u201eSchwingungen\u201c oder Frequenzen betrachtet werden k\u00f6nnen,&hellip;&nbsp;<a href=\"https:\/\/peter.weidlinger.me\/?page_id=1078\" rel=\"bookmark\">Weiterlesen &raquo;<span class=\"screen-reader-text\">Kin<\/span><\/a><\/p>\n","protected":false},"author":1,"featured_media":0,"parent":0,"menu_order":0,"comment_status":"closed","ping_status":"closed","template":"","meta":{"neve_meta_sidebar":"","neve_meta_container":"","neve_meta_enable_content_width":"","neve_meta_content_width":0,"neve_meta_title_alignment":"","neve_meta_author_avatar":"","neve_post_elements_order":"","neve_meta_disable_header":"","neve_meta_disable_footer":"","neve_meta_disable_title":"","_themeisle_gutenberg_block_has_review":false,"footnotes":""},"class_list":["post-1078","page","type-page","status-publish","hentry"],"_links":{"self":[{"href":"https:\/\/peter.weidlinger.me\/index.php?rest_route=\/wp\/v2\/pages\/1078","targetHints":{"allow":["GET"]}}],"collection":[{"href":"https:\/\/peter.weidlinger.me\/index.php?rest_route=\/wp\/v2\/pages"}],"about":[{"href":"https:\/\/peter.weidlinger.me\/index.php?rest_route=\/wp\/v2\/types\/page"}],"author":[{"embeddable":true,"href":"https:\/\/peter.weidlinger.me\/index.php?rest_route=\/wp\/v2\/users\/1"}],"replies":[{"embeddable":true,"href":"https:\/\/peter.weidlinger.me\/index.php?rest_route=%2Fwp%2Fv2%2Fcomments&post=1078"}],"version-history":[{"count":5,"href":"https:\/\/peter.weidlinger.me\/index.php?rest_route=\/wp\/v2\/pages\/1078\/revisions"}],"predecessor-version":[{"id":1085,"href":"https:\/\/peter.weidlinger.me\/index.php?rest_route=\/wp\/v2\/pages\/1078\/revisions\/1085"}],"wp:attachment":[{"href":"https:\/\/peter.weidlinger.me\/index.php?rest_route=%2Fwp%2Fv2%2Fmedia&parent=1078"}],"curies":[{"name":"wp","href":"https:\/\/api.w.org\/{rel}","templated":true}]}}