{"id":1631,"date":"2026-03-19T09:16:16","date_gmt":"2026-03-19T08:16:16","guid":{"rendered":"https:\/\/peter.weidlinger.me\/?page_id=1631"},"modified":"2026-03-19T09:24:34","modified_gmt":"2026-03-19T08:24:34","slug":"programm-hilfe","status":"publish","type":"page","link":"https:\/\/peter.weidlinger.me\/?page_id=1631","title":{"rendered":"Programm Hilfe"},"content":{"rendered":"\n<p><\/p>\n\n\n\n<div style=\"height:57px\" aria-hidden=\"true\" class=\"wp-block-spacer\"><\/div>\n\n\n\n<p><strong>Wichtige \u00c4nderungen betreffend Programmversion 4.4!<\/strong><\/p>\n\n\n\n<a href=\"https:\/\/peter.weidlinger.me\/wp-content\/uploads\/2023\/08\/Version-4.4.pdf\" target=\"_blank\" rel=\"noopener\"><img decoding=\"async\" src=\"https:\/\/peter.weidlinger.me\/wp-content\/uploads\/2023\/08\/pdf_52px_ge.png\" alt=\"PDF\"\/>Version 4.4<\/a>\n\n\n\n<hr class=\"wp-block-separator has-alpha-channel-opacity\"\/>\n\n\n\n<p><strong>Hilfe f\u00fcr Programmversion 4.4!<\/strong><\/p>\n\n\n\n<a href=\"https:\/\/peter.weidlinger.me\/wp-content\/uploads\/2023\/08\/Hilfe.pdf\" target=\"_blank\" rel=\"noopener\"><img decoding=\"async\" src=\"https:\/\/peter.weidlinger.me\/wp-content\/uploads\/2023\/08\/pdf_52px_g.png\" alt=\"PDF\"\/>Hilfedatei LichtCom 4<\/a>\n\n\n\n<hr class=\"wp-block-separator has-alpha-channel-opacity\"\/>\n\n\n\n<p><strong>Hilfe f\u00fcr Programmversion 5.4!<\/strong><\/p>\n\n\n\n<a href=\"https:\/\/peter.weidlinger.me\/wp-content\/uploads\/2024\/05\/Hilfe5.pdf\" target=\"_blank\" rel=\"noopener\"><img decoding=\"async\" src=\"https:\/\/peter.weidlinger.me\/wp-content\/uploads\/2023\/08\/pdf_52px_g.png\" alt=\"PDF\"\/>Hilfedatei f\u00fcr LichtCom 5.4<\/a>\n\n\n\n<hr class=\"wp-block-separator has-alpha-channel-opacity\"\/>\n\n\n\n<p><strong>Hilfe f\u00fcr das <font color=\"red\">NEUE<\/font> Programm Version 5.5!<\/strong><\/p>\n\n\n\n<a href=\"https:\/\/peter.weidlinger.me\/wp-content\/uploads\/2026\/03\/Hilfe.pdf\" target=\"_blank\" rel=\"noopener\"><img decoding=\"async\" src=\"https:\/\/peter.weidlinger.me\/wp-content\/uploads\/2023\/08\/pdf_52px_g.png\" alt=\"PDF\"\/>Hilfedatei f\u00fcr LichtCom 5.5<\/a>\n\n\n\n<p><\/p>\n","protected":false},"excerpt":{"rendered":"<p>Wichtige \u00c4nderungen betreffend Programmversion 4.4! Version 4.4 Hilfe f\u00fcr Programmversion 4.4! Hilfedatei LichtCom 4 Hilfe f\u00fcr Programmversion 5.4! Hilfedatei f\u00fcr LichtCom 5.4 Hilfe f\u00fcr das NEUE Programm Version 5.5! Hilfedatei f\u00fcr LichtCom 5.5<\/p>\n","protected":false},"author":1,"featured_media":0,"parent":0,"menu_order":0,"comment_status":"closed","ping_status":"closed","template":"","meta":{"neve_meta_sidebar":"","neve_meta_container":"","neve_meta_enable_content_width":"","neve_meta_content_width":0,"neve_meta_title_alignment":"","neve_meta_author_avatar":"","neve_post_elements_order":"","neve_meta_disable_header":"","neve_meta_disable_footer":"","neve_meta_disable_title":"","footnotes":""},"class_list":["post-1631","page","type-page","status-publish","hentry"],"_links":{"self":[{"href":"https:\/\/peter.weidlinger.me\/index.php?rest_route=\/wp\/v2\/pages\/1631","targetHints":{"allow":["GET"]}}],"collection":[{"href":"https:\/\/peter.weidlinger.me\/index.php?rest_route=\/wp\/v2\/pages"}],"about":[{"href":"https:\/\/peter.weidlinger.me\/index.php?rest_route=\/wp\/v2\/types\/page"}],"author":[{"embeddable":true,"href":"https:\/\/peter.weidlinger.me\/index.php?rest_route=\/wp\/v2\/users\/1"}],"replies":[{"embeddable":true,"href":"https:\/\/peter.weidlinger.me\/index.php?rest_route=%2Fwp%2Fv2%2Fcomments&post=1631"}],"version-history":[{"count":6,"href":"https:\/\/peter.weidlinger.me\/index.php?rest_route=\/wp\/v2\/pages\/1631\/revisions"}],"predecessor-version":[{"id":1641,"href":"https:\/\/peter.weidlinger.me\/index.php?rest_route=\/wp\/v2\/pages\/1631\/revisions\/1641"}],"wp:attachment":[{"href":"https:\/\/peter.weidlinger.me\/index.php?rest_route=%2Fwp%2Fv2%2Fmedia&parent=1631"}],"curies":[{"name":"wp","href":"https:\/\/api.w.org\/{rel}","templated":true}]}}