{"id":2,"date":"2023-07-20T12:01:12","date_gmt":"2023-07-20T10:01:12","guid":{"rendered":"https:\/\/seelenlicht.info\/?page_id=2"},"modified":"2026-04-12T14:21:25","modified_gmt":"2026-04-12T12:21:25","slug":"portaltage","status":"publish","type":"page","link":"https:\/\/peter.weidlinger.me\/?page_id=2","title":{"rendered":"Portaltage"},"content":{"rendered":"\n<div id=\"wp-block-themeisle-blocks-advanced-columns-6f59ab6e\" class=\"wp-block-themeisle-blocks-advanced-columns has-2-columns has-desktop-twoOne-layout has-tablet-equal-layout has-mobile-collapsedRows-layout has-vertical-unset\"><div class=\"wp-block-themeisle-blocks-advanced-columns-overlay\"><\/div><div class=\"innerblocks-wrap\">\n<div id=\"wp-block-themeisle-blocks-advanced-column-1baf13ae\" class=\"wp-block-themeisle-blocks-advanced-column\">\n<p>Der Ursprung um dieses Wissen findet sich im Kalender der Mayas und ihrer Zuordnung der Zeitqualit\u00e4ten.<\/p>\n\n\n\n<p>An Portaltagen ist die Schwingung sehr hoch, die kosmischen Einfl\u00fcsse besonders. Diese erm\u00f6glichen somit leichteren Zugang &#8221; zur anderen Seite &#8220;, zur eigenen Tiefe, zu den Themen der Seele. <\/p>\n\n\n\n<p>Das kann aber auch dazu f\u00fchren, dass sich gerade hochsensible Menschen ersch\u00f6pft, m\u00fcde, kopfschmerzgeplagt, \u00fcberreizt oder krank f\u00fchlen.<\/p>\n<\/div>\n\n\n\n<div id=\"wp-block-themeisle-blocks-advanced-column-f0df6629\" class=\"wp-block-themeisle-blocks-advanced-column\">\n<figure class=\"wp-block-image size-full\"><img loading=\"lazy\" decoding=\"async\" width=\"1024\" height=\"1024\" src=\"https:\/\/peter.weidlinger.me\/wp-content\/uploads\/2024\/04\/04835d49-a672-4446-be91-4765c7c84a7c.jpg\" alt=\"\" class=\"wp-image-1301\" srcset=\"https:\/\/peter.weidlinger.me\/wp-content\/uploads\/2024\/04\/04835d49-a672-4446-be91-4765c7c84a7c.jpg 1024w, https:\/\/peter.weidlinger.me\/wp-content\/uploads\/2024\/04\/04835d49-a672-4446-be91-4765c7c84a7c-300x300.jpg 300w, https:\/\/peter.weidlinger.me\/wp-content\/uploads\/2024\/04\/04835d49-a672-4446-be91-4765c7c84a7c-150x150.jpg 150w, https:\/\/peter.weidlinger.me\/wp-content\/uploads\/2024\/04\/04835d49-a672-4446-be91-4765c7c84a7c-768x768.jpg 768w\" sizes=\"auto, (max-width: 1024px) 100vw, 1024px\" \/><\/figure>\n<\/div>\n<\/div><\/div>\n\n\n\n<div style=\"height:54px\" aria-hidden=\"true\" class=\"wp-block-spacer\"><\/div>\n\n\n\n<hr class=\"wp-block-separator has-alpha-channel-opacity\"\/>\n\n\n\n  <div id='hycal-7da9dd03b89c0d326b8b6b4b1e4094d05013aae59d7cd8925111ec1876965b41' class='hydrogen-calendar-embeds hycal-container'>loading...<\/div>\n  \n\n\n\n<div style=\"height:20px\" aria-hidden=\"true\" class=\"wp-block-spacer\"><\/div>\n\n\n\n<hr class=\"wp-block-separator has-alpha-channel-opacity\"\/>\n\n\n\n<div style=\"height:18px\" aria-hidden=\"true\" class=\"wp-block-spacer\"><\/div>\n\n\n\n\n\n\n<p><\/p>\n","protected":false},"excerpt":{"rendered":"","protected":false},"author":1,"featured_media":0,"parent":0,"menu_order":0,"comment_status":"closed","ping_status":"closed","template":"","meta":{"neve_meta_sidebar":"","neve_meta_container":"","neve_meta_enable_content_width":"","neve_meta_content_width":0,"neve_meta_title_alignment":"","neve_meta_author_avatar":"","neve_post_elements_order":"","neve_meta_disable_header":"","neve_meta_disable_footer":"","neve_meta_disable_title":"","footnotes":""},"class_list":["post-2","page","type-page","status-publish","hentry"],"_links":{"self":[{"href":"https:\/\/peter.weidlinger.me\/index.php?rest_route=\/wp\/v2\/pages\/2","targetHints":{"allow":["GET"]}}],"collection":[{"href":"https:\/\/peter.weidlinger.me\/index.php?rest_route=\/wp\/v2\/pages"}],"about":[{"href":"https:\/\/peter.weidlinger.me\/index.php?rest_route=\/wp\/v2\/types\/page"}],"author":[{"embeddable":true,"href":"https:\/\/peter.weidlinger.me\/index.php?rest_route=\/wp\/v2\/users\/1"}],"replies":[{"embeddable":true,"href":"https:\/\/peter.weidlinger.me\/index.php?rest_route=%2Fwp%2Fv2%2Fcomments&post=2"}],"version-history":[{"count":53,"href":"https:\/\/peter.weidlinger.me\/index.php?rest_route=\/wp\/v2\/pages\/2\/revisions"}],"predecessor-version":[{"id":1751,"href":"https:\/\/peter.weidlinger.me\/index.php?rest_route=\/wp\/v2\/pages\/2\/revisions\/1751"}],"wp:attachment":[{"href":"https:\/\/peter.weidlinger.me\/index.php?rest_route=%2Fwp%2Fv2%2Fmedia&parent=2"}],"curies":[{"name":"wp","href":"https:\/\/api.w.org\/{rel}","templated":true}]}}