{"id":309,"date":"2020-01-13T11:17:52","date_gmt":"2020-01-13T10:17:52","guid":{"rendered":"https:\/\/demosites.io\/web-agency-gb\/?page_id=5"},"modified":"2026-04-22T08:20:25","modified_gmt":"2026-04-22T06:20:25","slug":"15c42-web-agency-gb-home","status":"publish","type":"page","link":"https:\/\/peter.weidlinger.me\/","title":{"rendered":"Home"},"content":{"rendered":"\n<div class=\"wp-block-cover alignfull\" style=\"min-height:417px;aspect-ratio:unset;\"><img loading=\"lazy\" decoding=\"async\" width=\"1920\" height=\"629\" class=\"wp-block-cover__image-background wp-image-875\" alt=\"\" src=\"https:\/\/seelenlicht.info\/wp-content\/uploads\/2023\/08\/feder1920x655.png\" data-object-fit=\"cover\" srcset=\"https:\/\/peter.weidlinger.me\/wp-content\/uploads\/2023\/08\/feder1920x655.png 1920w, https:\/\/peter.weidlinger.me\/wp-content\/uploads\/2023\/08\/feder1920x655-300x98.png 300w, https:\/\/peter.weidlinger.me\/wp-content\/uploads\/2023\/08\/feder1920x655-1024x335.png 1024w, https:\/\/peter.weidlinger.me\/wp-content\/uploads\/2023\/08\/feder1920x655-768x252.png 768w, https:\/\/peter.weidlinger.me\/wp-content\/uploads\/2023\/08\/feder1920x655-1536x503.png 1536w\" sizes=\"auto, (max-width: 1920px) 100vw, 1920px\" \/><span aria-hidden=\"true\" class=\"wp-block-cover__background has-background-dim-0 has-background-dim\"><\/span><div class=\"wp-block-cover__inner-container is-layout-flow wp-block-cover-is-layout-flow\">\n<div style=\"height:80px\" aria-hidden=\"true\" class=\"wp-block-spacer\"><\/div>\n\n\n\n<h3 class=\"wp-block-heading has-text-align-center has-text-color\" style=\"color:#121212\">Was du liebst, lass frei. KOMMT ES ZUR\u00dcCK, GEH\u00d6RT ES DIR &#8211; F\u00dcR IMMER<\/h3>\n\n\n\n<h3 class=\"wp-block-heading has-text-align-center\">(Konfuzius)<\/h3>\n\n\n\n<div class=\"wp-block-buttons is-horizontal is-content-justification-center is-layout-flex wp-container-core-buttons-is-layout-499968f5 wp-block-buttons-is-layout-flex\"><\/div>\n<\/div><\/div>\n\n\n\n<div style=\"height:50px\" aria-hidden=\"true\" class=\"wp-block-spacer\"><\/div>\n\n\n\n<div class=\"wp-block-columns is-layout-flex wp-container-core-columns-is-layout-9d6595d7 wp-block-columns-is-layout-flex\">\n<div class=\"wp-block-column is-layout-flow wp-block-column-is-layout-flow\"><div class=\"wp-block-image icon-style is-style-rounded\">\n<figure class=\"aligncenter size-full\"><img loading=\"lazy\" decoding=\"async\" width=\"72\" height=\"72\" src=\"https:\/\/peter.weidlinger.me\/wp-content\/uploads\/2024\/03\/neve-webdesign-GB-02.png\" alt=\"\" class=\"wp-image-1235\" title=\"\"\/><\/figure>\n<\/div>\n\n\n<div style=\"height:20px\" aria-hidden=\"true\" class=\"wp-block-spacer\"><\/div>\n\n\n\n<h3 class=\"wp-block-heading has-text-align-center has-neve-text-color-color has-text-color\">Aufstellung<\/h3>\n\n\n\n<p>Durch die wiederhergestellte Ordnung im System k\u00f6nnen viele neue L\u00f6sungsans\u00e4tze aufgezeigt werden.<\/p>\n\n\n\n<p>Die Auswirkungen k\u00f6nnen in der gesamten Familienstruktur sp\u00fcrbar werden.<\/p>\n\n\n\n<p>Es kann vieles \u201csichtbar\u201d werden, umsetzen darf es dann der Mensch.<\/p>\n\n\n\n<div style=\"height:20px\" aria-hidden=\"true\" class=\"wp-block-spacer\"><\/div>\n<\/div>\n\n\n\n<div class=\"wp-block-column is-layout-flow wp-block-column-is-layout-flow\"><div class=\"wp-block-image icon-style is-style-rounded\">\n<figure class=\"aligncenter size-full\"><img loading=\"lazy\" decoding=\"async\" width=\"72\" height=\"72\" src=\"https:\/\/peter.weidlinger.me\/wp-content\/uploads\/2023\/08\/neve-webdesign-GB-04.png\" alt=\"\" class=\"wp-image-1087\" title=\"\"\/><\/figure>\n<\/div>\n\n\n<div style=\"height:20px\" aria-hidden=\"true\" class=\"wp-block-spacer\"><\/div>\n\n\n\n<h3 class=\"wp-block-heading has-text-align-center has-neve-text-color-color has-text-color\">Heilende H\u00e4nde<\/h3>\n\n\n\n<p class=\"has-text-align-center\">Seit jeher spielt die Ber\u00fchrung eine zentrale Rolle im menschlichen Leben.<\/p>\n\n\n\n<p>Noch bevor wir sprechen lernen, erfahren wir Geborgenheit, Sicherheit und Liebe durch die H\u00e4nde unserer Mitmenschen.<\/p>\n\n\n\n<div style=\"height:20px\" aria-hidden=\"true\" class=\"wp-block-spacer\"><\/div>\n<\/div>\n\n\n\n<div class=\"wp-block-column is-layout-flow wp-block-column-is-layout-flow\"><div class=\"wp-block-image icon-style is-style-rounded\">\n<figure class=\"aligncenter size-full\"><img loading=\"lazy\" decoding=\"async\" width=\"72\" height=\"72\" src=\"https:\/\/peter.weidlinger.me\/wp-content\/uploads\/2023\/08\/neve-webdesign-GB-03.png\" alt=\"\" class=\"wp-image-1089\"\/><\/figure>\n<\/div>\n\n\n<div style=\"height:20px\" aria-hidden=\"true\" class=\"wp-block-spacer\"><\/div>\n\n\n\n<h3 class=\"wp-block-heading has-text-align-center has-neve-text-color-color has-text-color\">Programm<\/h3>\n\n\n\n<p>LichtCom mit Leichtigkeit zur Heiligen Geometrie.<br>Ein Programm zum Erstellen von Gebeten mit der Heiligen Geometrie.<\/p>\n\n\n\n<div style=\"height:20px\" aria-hidden=\"true\" class=\"wp-block-spacer\"><\/div>\n<\/div>\n\n\n\n<div class=\"wp-block-column is-layout-flow wp-block-column-is-layout-flow\"><div class=\"wp-block-image icon-style is-style-rounded\">\n<figure class=\"aligncenter size-full\"><img loading=\"lazy\" decoding=\"async\" width=\"72\" height=\"72\" src=\"https:\/\/peter.weidlinger.me\/wp-content\/uploads\/2023\/08\/neve-webdesign-GB-01.png\" alt=\"\" class=\"wp-image-1088\"\/><\/figure>\n<\/div>\n\n\n<div style=\"height:20px\" aria-hidden=\"true\" class=\"wp-block-spacer\"><\/div>\n\n\n\n<h3 class=\"wp-block-heading has-text-align-center has-neve-text-color-color has-text-color\">Portaltage<\/h3>\n\n\n\n<p class=\"has-text-align-center\">Der Ursprung um dieses Wissen findet sich im Kalender der Mayas und ihrer Zuordnung der Zeitqualit\u00e4ten.<\/p>\n\n\n\n<p>Der <strong>Tzolkin<\/strong>. Er besteht aus einer Kombination von 20 Siegeln und 13 T\u00f6nen.<\/p>\n\n\n\n<div style=\"height:20px\" aria-hidden=\"true\" class=\"wp-block-spacer\"><\/div>\n<\/div>\n<\/div>\n\n\n\n<div class=\"wp-block-cover alignfull\" style=\"min-height:683px;aspect-ratio:unset;\"><span aria-hidden=\"true\" class=\"wp-block-cover__background has-nv-dark-bg-background-color has-background-dim-100 has-background-dim\"><\/span><div class=\"wp-block-cover__inner-container is-layout-flow wp-block-cover-is-layout-flow\">\n<div class=\"wp-block-group\"><div class=\"wp-block-group__inner-container is-layout-flow wp-block-group-is-layout-flow\">\n<div style=\"height:80px\" aria-hidden=\"true\" class=\"wp-block-spacer\"><\/div>\n\n\n\n<div class=\"wp-block-columns are-vertically-aligned-center is-layout-flex wp-container-core-columns-is-layout-9d6595d7 wp-block-columns-is-layout-flex\">\n<div class=\"wp-block-column is-vertically-aligned-center is-layout-flow wp-block-column-is-layout-flow\" style=\"flex-basis:50%\">\n<figure class=\"wp-block-image size-large\"><img decoding=\"async\" src=\"https:\/\/peter.weidlinger.me\/wp-content\/uploads\/2023\/08\/DSCN6155-1.jpg\" alt=\"\"\/><\/figure>\n<\/div>\n\n\n\n<div class=\"wp-block-column is-vertically-aligned-center is-layout-flow wp-block-column-is-layout-flow\" style=\"flex-basis:50%\">\n<div style=\"height:40px\" aria-hidden=\"true\" class=\"wp-block-spacer\"><\/div>\n\n\n\n<h2 class=\"wp-block-heading has-text-align-left has-nv-text-dark-bg-color has-text-color\">\u00dcber MIch<\/h2>\n\n\n\n<p class=\"has-text-align-left has-nv-text-dark-bg-color has-text-color\" style=\"font-size:17px\">Hier erf\u00e4hrst du mehr \u00fcber mich<\/p>\n\n\n\n<div class=\"wp-block-buttons is-horizontal is-content-justification-left is-layout-flex wp-container-core-buttons-is-layout-7e5fce0a wp-block-buttons-is-layout-flex\">\n<div class=\"wp-block-button is-style-primary\"><a class=\"wp-block-button__link wp-element-button\" href=\"https:\/\/peter.weidlinger.me\/?page_id=61\">OPEN<\/a><\/div>\n<\/div>\n<\/div>\n<\/div>\n\n\n\n<div style=\"height:50px\" aria-hidden=\"true\" class=\"wp-block-spacer\"><\/div>\n<\/div><\/div>\n<\/div><\/div>\n\n\n\n<div class=\"wp-block-cover alignfull\" style=\"min-height:706px;aspect-ratio:unset;\"><span aria-hidden=\"true\" class=\"wp-block-cover__background has-nv-light-bg-background-color has-background-dim-100 has-background-dim\"><\/span><div class=\"wp-block-cover__inner-container is-layout-flow wp-block-cover-is-layout-flow\">\n<div style=\"height:80px\" aria-hidden=\"true\" class=\"wp-block-spacer\"><\/div>\n\n\n\n<div class=\"wp-block-columns is-layout-flex wp-container-core-columns-is-layout-9d6595d7 wp-block-columns-is-layout-flex\">\n<div class=\"wp-block-column ticss-4ce656f1 is-layout-flow wp-block-column-is-layout-flow\">\n<figure class=\"wp-block-image size-large is-resized is-style-rounded\"><img decoding=\"async\" src=\"https:\/\/peter.weidlinger.me\/wp-content\/uploads\/2023\/08\/inge.png\" alt=\"\" style=\"width:87px;height:91px\"\/><\/figure>\n\n\n\n<div style=\"height:24px\" aria-hidden=\"true\" class=\"wp-block-spacer\"><\/div>\n\n\n\n<p class=\"has-text-align-left has-neve-text-color-color has-text-color\">\u201cSeelenfl\u00fcsterin\u201d<\/p>\n\n\n\n<p class=\"has-neve-text-color-color has-text-color\">Inge Bergner<\/p>\n\n\n\n<div class=\"wp-block-buttons is-layout-flex wp-block-buttons-is-layout-flex\">\n<div class=\"wp-block-button\"><a class=\"wp-block-button__link wp-element-button\" href=\"https:\/\/www.seelenfluestern.com\/\" target=\"_blank\" rel=\"noreferrer noopener\">Link<\/a><\/div>\n<\/div>\n\n\n\n<div style=\"height:20px\" aria-hidden=\"true\" class=\"wp-block-spacer\"><\/div>\n<\/div>\n\n\n\n<div class=\"wp-block-column ticss-f6fc7494 is-layout-flow wp-block-column-is-layout-flow\">\n<figure class=\"wp-block-image size-large is-style-rounded\"><img decoding=\"async\" src=\"https:\/\/peter.weidlinger.me\/wp-content\/uploads\/2023\/08\/petra.png\" alt=\"\"\/><\/figure>\n\n\n\n<div style=\"height:24px\" aria-hidden=\"true\" class=\"wp-block-spacer\"><\/div>\n\n\n\n<p class=\"has-text-align-left has-neve-text-color-color has-text-color\">\u201cEnergie in Fluss\u201d<\/p>\n\n\n\n<p class=\"has-neve-text-color-color has-text-color\">Petra Haberl<\/p>\n\n\n\n<div class=\"wp-block-buttons is-layout-flex wp-block-buttons-is-layout-flex\">\n<div class=\"wp-block-button\"><a class=\"wp-block-button__link wp-element-button\" href=\"https:\/\/www.energie-in-fluss.at\/\" target=\"_blank\" rel=\"noreferrer noopener\">Link<\/a><\/div>\n<\/div>\n\n\n\n<div style=\"height:20px\" aria-hidden=\"true\" class=\"wp-block-spacer\"><\/div>\n<\/div>\n\n\n\n<div class=\"wp-block-column ticss-a5b4df29 is-layout-flow wp-block-column-is-layout-flow\">\n<figure class=\"wp-block-image size-large is-resized is-style-rounded\"><img decoding=\"async\" src=\"https:\/\/peter.weidlinger.me\/wp-content\/uploads\/2023\/08\/sylvia.png\" alt=\"\" style=\"width:85px;height:97px\"\/><\/figure>\n\n\n\n<div style=\"height:24px\" aria-hidden=\"true\" class=\"wp-block-spacer\"><\/div>\n\n\n\n<p class=\"has-text-align-left has-neve-text-color-color has-text-color\"><\/p>\n\n\n\n<p class=\"has-neve-text-color-color has-text-color\">Sylvia Weidlinger<\/p>\n\n\n\n<div class=\"wp-block-buttons is-layout-flex wp-block-buttons-is-layout-flex\">\n<div class=\"wp-block-button\"><a class=\"wp-block-button__link wp-element-button\" href=\"https:\/\/sylvia.weidlinger.me\" target=\"_blank\" rel=\"noreferrer noopener\">Link<\/a><\/div>\n<\/div>\n\n\n\n<div style=\"height:20px\" aria-hidden=\"true\" class=\"wp-block-spacer\"><\/div>\n<\/div>\n<\/div>\n\n\n\n<div style=\"height:30px\" aria-hidden=\"true\" class=\"wp-block-spacer\"><\/div>\n<\/div><\/div>\n\n\n\n<div class=\"wp-block-cover alignfull\" style=\"min-height:300px;aspect-ratio:unset;\"><span aria-hidden=\"true\" class=\"wp-block-cover__background has-nv-dark-bg-background-color has-background-dim-100 has-background-dim\"><\/span><div class=\"wp-block-cover__inner-container is-layout-flow wp-block-cover-is-layout-flow\">\n<div class=\"wp-block-buttons is-horizontal is-content-justification-center is-layout-flex wp-container-core-buttons-is-layout-499968f5 wp-block-buttons-is-layout-flex\"><\/div>\n\n\n\n<h2 class=\"wp-block-heading has-text-align-center has-nv-text-dark-bg-color has-text-color\">W\u00e4hle einen Job, den du liebst und du wirst nie wieder arbeiten m\u00fcssen.<\/h2>\n\n\n\n<p class=\"has-text-align-center\">Konfuzius<\/p>\n<\/div><\/div>\n","protected":false},"excerpt":{"rendered":"<p>Aufstellung Durch die wiederhergestellte Ordnung im System k\u00f6nnen viele neue L\u00f6sungsans\u00e4tze aufgezeigt werden. Die Auswirkungen k\u00f6nnen in der gesamten Familienstruktur sp\u00fcrbar werden. Es kann vieles \u201csichtbar\u201d werden, umsetzen darf es dann der Mensch. Heilende H\u00e4nde Seit jeher spielt die Ber\u00fchrung eine zentrale Rolle im menschlichen Leben. Noch bevor wir sprechen lernen, erfahren wir Geborgenheit, Sicherheit&hellip;&nbsp;<a href=\"https:\/\/peter.weidlinger.me\/\" rel=\"bookmark\">Weiterlesen &raquo;<span class=\"screen-reader-text\">Home<\/span><\/a><\/p>\n","protected":false},"author":1,"featured_media":0,"parent":0,"menu_order":0,"comment_status":"closed","ping_status":"closed","template":"","meta":{"neve_meta_sidebar":"default","neve_meta_container":"default","neve_meta_enable_content_width":"on","neve_meta_content_width":100,"neve_meta_title_alignment":"","neve_meta_author_avatar":"","neve_post_elements_order":"","neve_meta_disable_header":"","neve_meta_disable_footer":"","neve_meta_disable_title":"on","footnotes":""},"class_list":["post-309","page","type-page","status-publish","hentry"],"_links":{"self":[{"href":"https:\/\/peter.weidlinger.me\/index.php?rest_route=\/wp\/v2\/pages\/309","targetHints":{"allow":["GET"]}}],"collection":[{"href":"https:\/\/peter.weidlinger.me\/index.php?rest_route=\/wp\/v2\/pages"}],"about":[{"href":"https:\/\/peter.weidlinger.me\/index.php?rest_route=\/wp\/v2\/types\/page"}],"author":[{"embeddable":true,"href":"https:\/\/peter.weidlinger.me\/index.php?rest_route=\/wp\/v2\/users\/1"}],"replies":[{"embeddable":true,"href":"https:\/\/peter.weidlinger.me\/index.php?rest_route=%2Fwp%2Fv2%2Fcomments&post=309"}],"version-history":[{"count":23,"href":"https:\/\/peter.weidlinger.me\/index.php?rest_route=\/wp\/v2\/pages\/309\/revisions"}],"predecessor-version":[{"id":1753,"href":"https:\/\/peter.weidlinger.me\/index.php?rest_route=\/wp\/v2\/pages\/309\/revisions\/1753"}],"wp:attachment":[{"href":"https:\/\/peter.weidlinger.me\/index.php?rest_route=%2Fwp%2Fv2%2Fmedia&parent=309"}],"curies":[{"name":"wp","href":"https:\/\/api.w.org\/{rel}","templated":true}]}}