{"id":69,"date":"2020-01-27T08:05:29","date_gmt":"2020-01-27T08:05:29","guid":{"rendered":"https:\/\/demosites.io\/web-agency-gb\/?page_id=69"},"modified":"2026-02-28T15:23:59","modified_gmt":"2026-02-28T14:23:59","slug":"15c42-web-agency-gb-portfolio","status":"publish","type":"page","link":"https:\/\/peter.weidlinger.me\/?page_id=69","title":{"rendered":"Programm"},"content":{"rendered":"\n<div class=\"wp-block-cover alignfull\" style=\"min-height:162px;aspect-ratio:unset;\"><span aria-hidden=\"true\" class=\"wp-block-cover__background has-nv-site-bg-background-color has-background-dim-100 has-background-dim\"><\/span><div class=\"wp-block-cover__inner-container is-layout-flow wp-block-cover-is-layout-flow\">\n<div class=\"wp-block-group\"><div class=\"wp-block-group__inner-container is-layout-flow wp-block-group-is-layout-flow\">\n<h2 class=\"wp-block-heading has-text-align-left has-neve-text-color-color has-text-color\">LichtCom<\/h2>\n<\/div><\/div>\n<\/div><\/div>\n\n\n\n<p>Mit Leichtigkeit zur Heiligen Geometrie<br>Geometrien sind in den Universen als \u201cfreie Software\u201d unendlich vorhanden und k\u00f6nnen von uns \u201cprogrammiert\u201d werden<br>Dieses Gebet ist ein Meistergebet, das zum Einsatz kommt, wenn du gro\u00dfe Themen (auch karmische) bearbeiten m\u00f6chtest.<\/p>\n\n\n\n<div class=\"wp-block-columns is-layout-flex wp-container-core-columns-is-layout-9d6595d7 wp-block-columns-is-layout-flex\">\n<div class=\"wp-block-column is-layout-flow wp-block-column-is-layout-flow\" style=\"flex-basis:25%\">\n<figure class=\"wp-block-image size-full is-resized\"><img loading=\"lazy\" decoding=\"async\" width=\"600\" height=\"569\" src=\"https:\/\/peter.weidlinger.me\/wp-content\/uploads\/2024\/01\/new-sign-ID-33314.png\" alt=\"\" class=\"wp-image-1216\" style=\"width:150px\" srcset=\"https:\/\/peter.weidlinger.me\/wp-content\/uploads\/2024\/01\/new-sign-ID-33314.png 600w, https:\/\/peter.weidlinger.me\/wp-content\/uploads\/2024\/01\/new-sign-ID-33314-300x285.png 300w\" sizes=\"auto, (max-width: 600px) 100vw, 600px\" \/><\/figure>\n<\/div>\n\n\n\n<div class=\"wp-block-column is-vertically-aligned-center is-layout-flow wp-block-column-is-layout-flow\" style=\"flex-basis:66.66%\">\n<p>Es gibt eine neue Version  &#8211; <strong>LichtCom5<\/strong>. <\/p>\n\n\n\n<p>Es ist jetzt kompakter und auch f\u00fcr kleinere Bildschirme geeignet. Bildschirmaufl\u00f6sung von mindestens 1024&#215;800 erforderlich.<\/p>\n\n\n\n<p>Die gr\u00f6\u00dfte Neuerung des Programms ist, dass jetzt <strong>2 Versionen<\/strong> der Geometrien zur Verf\u00fcgung stehen.<\/p>\n\n\n\n\n<table id=\"tablepress-1\" class=\"tablepress tablepress-id-1\">\n<tbody>\n<tr class=\"row-1\">\n\t<td class=\"column-1\">1. Version<\/td><td class=\"column-2\"><img loading=\"lazy\" decoding=\"async\" src=\"https:\/\/peter.weidlinger.me\/wp-content\/uploads\/2024\/07\/ak_o-300x300.jpg\" alt=\"\" width=\"60\" height=\"60\" class=\"alignnone size-medium wp-image-1341\" srcset=\"https:\/\/peter.weidlinger.me\/wp-content\/uploads\/2024\/07\/ak_o-300x300.jpg 300w, https:\/\/peter.weidlinger.me\/wp-content\/uploads\/2024\/07\/ak_o-150x150.jpg 150w, https:\/\/peter.weidlinger.me\/wp-content\/uploads\/2024\/07\/ak_o.jpg 512w\" sizes=\"auto, (max-width: 60px) 100vw, 60px\" \/><\/td><td class=\"column-3\"><img loading=\"lazy\" decoding=\"async\" src=\"https:\/\/peter.weidlinger.me\/wp-content\/uploads\/2024\/07\/aw_b-300x300.jpg\" alt=\"\" width=\"60\" height=\"60\" class=\"alignnone size-medium wp-image-1344\" srcset=\"https:\/\/peter.weidlinger.me\/wp-content\/uploads\/2024\/07\/aw_b-300x300.jpg 300w, https:\/\/peter.weidlinger.me\/wp-content\/uploads\/2024\/07\/aw_b-150x150.jpg 150w, https:\/\/peter.weidlinger.me\/wp-content\/uploads\/2024\/07\/aw_b.jpg 512w\" sizes=\"auto, (max-width: 60px) 100vw, 60px\" \/><\/td><td class=\"column-4\"><img loading=\"lazy\" decoding=\"async\" src=\"https:\/\/peter.weidlinger.me\/wp-content\/uploads\/2024\/07\/ake_i-300x300.jpg\" alt=\"\" width=\"60\" height=\"60\" class=\"alignnone size-medium wp-image-1346\" srcset=\"https:\/\/peter.weidlinger.me\/wp-content\/uploads\/2024\/07\/ake_i-300x300.jpg 300w, https:\/\/peter.weidlinger.me\/wp-content\/uploads\/2024\/07\/ake_i-150x150.jpg 150w, https:\/\/peter.weidlinger.me\/wp-content\/uploads\/2024\/07\/ake_i.jpg 512w\" sizes=\"auto, (max-width: 60px) 100vw, 60px\" \/><\/td><td class=\"column-5\"><img loading=\"lazy\" decoding=\"async\" src=\"https:\/\/peter.weidlinger.me\/wp-content\/uploads\/2024\/07\/ado_t-300x300.jpg\" alt=\"\" width=\"60\" height=\"60\" class=\"alignnone size-medium wp-image-1348\" srcset=\"https:\/\/peter.weidlinger.me\/wp-content\/uploads\/2024\/07\/ado_t-300x300.jpg 300w, https:\/\/peter.weidlinger.me\/wp-content\/uploads\/2024\/07\/ado_t-150x150.jpg 150w, https:\/\/peter.weidlinger.me\/wp-content\/uploads\/2024\/07\/ado_t.jpg 512w\" sizes=\"auto, (max-width: 60px) 100vw, 60px\" \/><\/td><td class=\"column-6\"><img loading=\"lazy\" decoding=\"async\" src=\"https:\/\/peter.weidlinger.me\/wp-content\/uploads\/2024\/07\/ads_reg-300x300.jpg\" alt=\"\" width=\"60\" height=\"60\" class=\"alignnone size-medium wp-image-1350\" srcset=\"https:\/\/peter.weidlinger.me\/wp-content\/uploads\/2024\/07\/ads_reg-300x300.jpg 300w, https:\/\/peter.weidlinger.me\/wp-content\/uploads\/2024\/07\/ads_reg-150x150.jpg 150w, https:\/\/peter.weidlinger.me\/wp-content\/uploads\/2024\/07\/ads_reg.jpg 512w\" sizes=\"auto, (max-width: 60px) 100vw, 60px\" \/><\/td><td class=\"column-7\"><img loading=\"lazy\" decoding=\"async\" src=\"https:\/\/peter.weidlinger.me\/wp-content\/uploads\/2024\/07\/achgold-300x300.jpg\" alt=\"\" width=\"60\" height=\"60\" class=\"alignnone size-medium wp-image-1352\" srcset=\"https:\/\/peter.weidlinger.me\/wp-content\/uploads\/2024\/07\/achgold-300x300.jpg 300w, https:\/\/peter.weidlinger.me\/wp-content\/uploads\/2024\/07\/achgold-150x150.jpg 150w, https:\/\/peter.weidlinger.me\/wp-content\/uploads\/2024\/07\/achgold.jpg 512w\" sizes=\"auto, (max-width: 60px) 100vw, 60px\" \/><\/td>\n<\/tr>\n<tr class=\"row-2\">\n\t<td class=\"column-1\">Neue Version<\/td><td class=\"column-2\"><img loading=\"lazy\" decoding=\"async\" src=\"https:\/\/peter.weidlinger.me\/wp-content\/uploads\/2024\/07\/k_o-300x300.jpg\" alt=\"\" width=\"60\" height=\"60\" class=\"alignnone size-medium wp-image-1354\" srcset=\"https:\/\/peter.weidlinger.me\/wp-content\/uploads\/2024\/07\/k_o-300x300.jpg 300w, https:\/\/peter.weidlinger.me\/wp-content\/uploads\/2024\/07\/k_o-150x150.jpg 150w, https:\/\/peter.weidlinger.me\/wp-content\/uploads\/2024\/07\/k_o.jpg 400w\" sizes=\"auto, (max-width: 60px) 100vw, 60px\" \/><\/td><td class=\"column-3\"><img loading=\"lazy\" decoding=\"async\" src=\"https:\/\/peter.weidlinger.me\/wp-content\/uploads\/2024\/07\/w_b-300x300.jpg\" alt=\"\" width=\"60\" height=\"60\" class=\"alignnone size-medium wp-image-1345\" srcset=\"https:\/\/peter.weidlinger.me\/wp-content\/uploads\/2024\/07\/w_b-300x300.jpg 300w, https:\/\/peter.weidlinger.me\/wp-content\/uploads\/2024\/07\/w_b-150x150.jpg 150w, https:\/\/peter.weidlinger.me\/wp-content\/uploads\/2024\/07\/w_b.jpg 450w\" sizes=\"auto, (max-width: 60px) 100vw, 60px\" \/><\/td><td class=\"column-4\"><img loading=\"lazy\" decoding=\"async\" src=\"https:\/\/peter.weidlinger.me\/wp-content\/uploads\/2024\/07\/ke_i-300x300.jpg\" alt=\"\" width=\"60\" height=\"60\" class=\"alignnone size-medium wp-image-1347\" srcset=\"https:\/\/peter.weidlinger.me\/wp-content\/uploads\/2024\/07\/ke_i-300x300.jpg 300w, https:\/\/peter.weidlinger.me\/wp-content\/uploads\/2024\/07\/ke_i-150x150.jpg 150w, https:\/\/peter.weidlinger.me\/wp-content\/uploads\/2024\/07\/ke_i.jpg 400w\" sizes=\"auto, (max-width: 60px) 100vw, 60px\" \/><\/td><td class=\"column-5\"><img loading=\"lazy\" decoding=\"async\" src=\"https:\/\/peter.weidlinger.me\/wp-content\/uploads\/2024\/07\/do_t-300x300.jpg\" alt=\"\" width=\"60\" height=\"60\" class=\"alignnone size-medium wp-image-1349\" srcset=\"https:\/\/peter.weidlinger.me\/wp-content\/uploads\/2024\/07\/do_t-300x300.jpg 300w, https:\/\/peter.weidlinger.me\/wp-content\/uploads\/2024\/07\/do_t-150x150.jpg 150w, https:\/\/peter.weidlinger.me\/wp-content\/uploads\/2024\/07\/do_t.jpg 400w\" sizes=\"auto, (max-width: 60px) 100vw, 60px\" \/><\/td><td class=\"column-6\"><img loading=\"lazy\" decoding=\"async\" src=\"https:\/\/peter.weidlinger.me\/wp-content\/uploads\/2024\/07\/ds_reg-300x300.jpg\" alt=\"\" width=\"60\" height=\"60\" class=\"alignnone size-medium wp-image-1351\" srcset=\"https:\/\/peter.weidlinger.me\/wp-content\/uploads\/2024\/07\/ds_reg-300x300.jpg 300w, https:\/\/peter.weidlinger.me\/wp-content\/uploads\/2024\/07\/ds_reg-150x150.jpg 150w, https:\/\/peter.weidlinger.me\/wp-content\/uploads\/2024\/07\/ds_reg.jpg 512w\" sizes=\"auto, (max-width: 60px) 100vw, 60px\" \/><\/td><td class=\"column-7\"><img loading=\"lazy\" decoding=\"async\" src=\"https:\/\/peter.weidlinger.me\/wp-content\/uploads\/2024\/07\/chgold-300x300.jpg\" alt=\"\" width=\"60\" height=\"60\" class=\"alignnone size-medium wp-image-1353\" srcset=\"https:\/\/peter.weidlinger.me\/wp-content\/uploads\/2024\/07\/chgold-300x300.jpg 300w, https:\/\/peter.weidlinger.me\/wp-content\/uploads\/2024\/07\/chgold-150x150.jpg 150w, https:\/\/peter.weidlinger.me\/wp-content\/uploads\/2024\/07\/chgold.jpg 512w\" sizes=\"auto, (max-width: 60px) 100vw, 60px\" \/><\/td>\n<\/tr>\n<\/tbody>\n<\/table>\n<!-- #tablepress-1 from cache -->\n<\/div>\n<\/div>\n\n\n\n<p>Wenn du Interesse am Programm LichtCom hast, melde dich einfach unter <strong>weidlinger(at)gmx.at<\/strong>. <\/p>\n\n\n\n<p>Ich werde dir das Programm, nach Erhalt des Betrages zum Download bereitstellen.<\/p>\n\n\n\n<p>Energieausgleich f\u00fcr das Update, wenn du schon eine Lizenz besitzt:<strong> <\/strong> <strong>25\u20ac<\/strong> , d\u00fcrfen auch mehr sein, der Betrag wird dann von mir an den Verein <strong>Hand in Hand f\u00fcr Hilfe vor Ort<\/strong> &#8211;<a href=\"https:\/\/www.handinhand-vorort.at\/spenden\/\" data-type=\"link\" data-id=\"https:\/\/www.handinhand-vorort.at\/spenden\/\" target=\"_blank\" rel=\"noreferrer noopener\"> www.handinhand-vorort.at<\/a> \u00fcberwiesen.<\/p>\n\n\n\n<p>Energieausgleich f\u00fcr Neu-Kunden:<strong> 147\u20ac<\/strong><\/p>\n\n\n\n<div style=\"height:28px\" aria-hidden=\"true\" class=\"wp-block-spacer\"><\/div>\n\n\n\n<hr class=\"wp-block-separator has-alpha-channel-opacity\"\/>\n\n\n\n<p>Zugang zur Downloadseite nur mit Passwort m\u00f6glich<\/p>\n\n\n\n<div class=\"wp-block-buttons is-layout-flex wp-block-buttons-is-layout-flex\">\n<div class=\"wp-block-button is-style-primary\"><a class=\"wp-block-button__link wp-element-button\" href=\"https:\/\/peter.weidlinger.me\/?page_id=1611\">Zur Downloadseite<\/a><\/div>\n<\/div>\n\n\n\n<div style=\"height:49px\" aria-hidden=\"true\" class=\"wp-block-spacer\"><\/div>\n\n\n\n<hr class=\"wp-block-separator has-alpha-channel-opacity\"\/>\n\n\n\n<div class=\"wp-block-cover alignfull\" style=\"min-height:600px;aspect-ratio:unset;\"><span aria-hidden=\"true\" class=\"wp-block-cover__background has-nv-light-bg-background-color has-background-dim-100 has-background-dim\"><\/span><div class=\"wp-block-cover__inner-container is-layout-flow wp-block-cover-is-layout-flow\">\n<div class=\"wp-block-group\"><div class=\"wp-block-group__inner-container is-layout-flow wp-block-group-is-layout-flow\">\n<div class=\"wp-block-columns are-vertically-aligned-center is-layout-flex wp-container-core-columns-is-layout-9d6595d7 wp-block-columns-is-layout-flex\">\n<div class=\"wp-block-column is-vertically-aligned-center is-layout-flow wp-block-column-is-layout-flow\" style=\"flex-basis:50%\"><div class=\"wp-block-image is-resized\">\n<figure class=\"aligncenter size-large\"><img loading=\"lazy\" decoding=\"async\" width=\"1024\" height=\"790\" src=\"https:\/\/peter.weidlinger.me\/wp-content\/uploads\/2024\/01\/Schoeofergebet-1024x790.jpg\" alt=\"\" class=\"wp-image-1210\" srcset=\"https:\/\/peter.weidlinger.me\/wp-content\/uploads\/2024\/01\/Schoeofergebet-1024x790.jpg 1024w, https:\/\/peter.weidlinger.me\/wp-content\/uploads\/2024\/01\/Schoeofergebet-300x232.jpg 300w, https:\/\/peter.weidlinger.me\/wp-content\/uploads\/2024\/01\/Schoeofergebet-768x593.jpg 768w, https:\/\/peter.weidlinger.me\/wp-content\/uploads\/2024\/01\/Schoeofergebet.jpg 1170w\" sizes=\"auto, (max-width: 1024px) 100vw, 1024px\" \/><\/figure>\n<\/div>\n\n\n<div style=\"height:24px\" aria-hidden=\"true\" class=\"wp-block-spacer\"><\/div>\n\n\n\n<h3 class=\"wp-block-heading has-text-align-center has-neve-text-color-color has-text-color\">Sch\u00f6pfergebet<\/h3>\n\n\n\n<p class=\"has-text-align-center has-neve-text-color-color has-text-color\">ist die Sprache des g\u00f6ttlichen Lichtes in Form von Symbolen, die in den verschiedensten Farbschwingungen ihre Wirkung finden.<\/p>\n\n\n\n<p class=\"has-text-align-center has-neve-text-color-color has-text-color\">Es gibt unendlich viele M\u00f6glichkeiten mit der Heiligen Geometrie die Ordnung wiederherzustellen, um in Lebenssituationen ans Ziel zu kommen. Dies geschieht nur zum h\u00f6chsten Wohl von allem und kann niemals f\u00fcr Manipulation und entgegen dem freien Willen angewendet werden, es w\u00fcrde sich sofort aufl\u00f6sen.<\/p>\n\n\n\n<div class=\"wp-block-buttons is-content-justification-center is-layout-flex wp-container-core-buttons-is-layout-16018d1d wp-block-buttons-is-layout-flex\"><\/div>\n<\/div>\n\n\n\n<div class=\"wp-block-column is-vertically-aligned-center is-layout-flow wp-block-column-is-layout-flow\" style=\"flex-basis:50%\">\n<div style=\"height:53px\" aria-hidden=\"true\" class=\"wp-block-spacer\"><\/div>\n\n\n<div class=\"wp-block-image is-resized\">\n<figure class=\"aligncenter size-large\"><img loading=\"lazy\" decoding=\"async\" width=\"1024\" height=\"796\" src=\"https:\/\/peter.weidlinger.me\/wp-content\/uploads\/2024\/01\/Gnadengebet-1024x796.jpg\" alt=\"\" class=\"wp-image-1208\" srcset=\"https:\/\/peter.weidlinger.me\/wp-content\/uploads\/2024\/01\/Gnadengebet-1024x796.jpg 1024w, https:\/\/peter.weidlinger.me\/wp-content\/uploads\/2024\/01\/Gnadengebet-300x233.jpg 300w, https:\/\/peter.weidlinger.me\/wp-content\/uploads\/2024\/01\/Gnadengebet-768x597.jpg 768w, https:\/\/peter.weidlinger.me\/wp-content\/uploads\/2024\/01\/Gnadengebet.jpg 1170w\" sizes=\"auto, (max-width: 1024px) 100vw, 1024px\" \/><\/figure>\n<\/div>\n\n\n<div style=\"height:49px\" aria-hidden=\"true\" class=\"wp-block-spacer\"><\/div>\n\n\n\n<div style=\"height:0px\" aria-hidden=\"true\" class=\"wp-block-spacer\"><\/div>\n\n\n\n<h3 class=\"wp-block-heading has-text-align-center has-neve-text-color-color has-text-color\">Gnadengebet (144er)<\/h3>\n\n\n\n<p class=\"has-neve-text-color-color has-text-color\">Dieses Gebet kommt zum Einsatz um gro\u00dfe auch (karmische Themen) zu bearbeiten.<\/p>\n\n\n\n<p class=\"has-neve-text-color-color has-text-color\">Im 144-Formen Gebet werden jeweils 4 Strukturen und 4 Frequenzen verwendet und gemeinsam aktiviert, daher ist dessen Wirkung um ein vielfaches H\u00f6her und es ist nun m\u00f6glich f\u00fcr Lebenskrisen oder schwere chronische Krankheiten auf der DNS-Ebene zu wirken.<\/p>\n\n\n\n<p class=\"has-neve-text-color-color has-text-color\">Ein 144er Gnadengebet ben\u00f6tigt meist l\u00e4ngere Zeit, um manifeste Ergebnisse zu zeigen. Dann allerdings ist es dauerhaft wirksam.<\/p>\n\n\n\n<div class=\"wp-block-buttons is-content-justification-center is-layout-flex wp-container-core-buttons-is-layout-16018d1d wp-block-buttons-is-layout-flex\"><\/div>\n<\/div>\n<\/div>\n<\/div><\/div>\n<\/div><\/div>\n\n\n\n<div class=\"wp-block-cover alignfull\" style=\"min-height:600px;aspect-ratio:unset;\"><span aria-hidden=\"true\" class=\"wp-block-cover__background has-nv-site-bg-background-color has-background-dim-100 has-background-dim\"><\/span><div class=\"wp-block-cover__inner-container is-layout-flow wp-block-cover-is-layout-flow\">\n<div class=\"wp-block-group\"><div class=\"wp-block-group__inner-container is-layout-flow wp-block-group-is-layout-flow\">\n<div class=\"wp-block-columns are-vertically-aligned-center is-layout-flex wp-container-core-columns-is-layout-9d6595d7 wp-block-columns-is-layout-flex\">\n<div class=\"wp-block-column is-vertically-aligned-center is-layout-flow wp-block-column-is-layout-flow\" style=\"flex-basis:50%\">\n<figure class=\"wp-block-image size-large\"><img loading=\"lazy\" decoding=\"async\" width=\"1024\" height=\"790\" src=\"https:\/\/peter.weidlinger.me\/wp-content\/uploads\/2024\/01\/PersonlichesNahg-1024x790.jpg\" alt=\"\" class=\"wp-image-1211\" srcset=\"https:\/\/peter.weidlinger.me\/wp-content\/uploads\/2024\/01\/PersonlichesNahg-1024x790.jpg 1024w, https:\/\/peter.weidlinger.me\/wp-content\/uploads\/2024\/01\/PersonlichesNahg-300x232.jpg 300w, https:\/\/peter.weidlinger.me\/wp-content\/uploads\/2024\/01\/PersonlichesNahg-768x593.jpg 768w, https:\/\/peter.weidlinger.me\/wp-content\/uploads\/2024\/01\/PersonlichesNahg.jpg 1170w\" sizes=\"auto, (max-width: 1024px) 100vw, 1024px\" \/><\/figure>\n\n\n\n<div style=\"height:24px\" aria-hidden=\"true\" class=\"wp-block-spacer\"><\/div>\n\n\n\n<h3 class=\"wp-block-heading has-text-align-center has-neve-text-color-color has-text-color\">pers\u00f6nliches NaHG<\/h3>\n\n\n\n<p class=\"has-text-align-center has-neve-text-color-color has-text-color\">F\u00fcr Lebewesen<\/p>\n\n\n\n<div class=\"wp-block-buttons is-content-justification-center is-layout-flex wp-container-core-buttons-is-layout-16018d1d wp-block-buttons-is-layout-flex\"><\/div>\n<\/div>\n\n\n\n<div class=\"wp-block-column is-vertically-aligned-center is-layout-flow wp-block-column-is-layout-flow\" style=\"flex-basis:50%\">\n<figure class=\"wp-block-image size-large\"><img loading=\"lazy\" decoding=\"async\" width=\"1024\" height=\"742\" src=\"https:\/\/peter.weidlinger.me\/wp-content\/uploads\/2024\/01\/Stationaeres-NaHG-1024x742.jpg\" alt=\"\" class=\"wp-image-1212\" srcset=\"https:\/\/peter.weidlinger.me\/wp-content\/uploads\/2024\/01\/Stationaeres-NaHG-1024x742.jpg 1024w, https:\/\/peter.weidlinger.me\/wp-content\/uploads\/2024\/01\/Stationaeres-NaHG-300x217.jpg 300w, https:\/\/peter.weidlinger.me\/wp-content\/uploads\/2024\/01\/Stationaeres-NaHG-768x557.jpg 768w, https:\/\/peter.weidlinger.me\/wp-content\/uploads\/2024\/01\/Stationaeres-NaHG.jpg 1359w\" sizes=\"auto, (max-width: 1024px) 100vw, 1024px\" \/><\/figure>\n\n\n\n<div style=\"height:24px\" aria-hidden=\"true\" class=\"wp-block-spacer\"><\/div>\n\n\n\n<h3 class=\"wp-block-heading has-text-align-center has-neve-text-color-color has-text-color\">statisches NaHG<\/h3>\n\n\n\n<p class=\"has-text-align-center has-neve-text-color-color has-text-color\">F\u00fcr Gegenst\u00e4nde, Objekte, Pl\u00e4tze und Geb\u00e4ude.<\/p>\n\n\n\n<div class=\"wp-block-buttons is-content-justification-center is-layout-flex wp-container-core-buttons-is-layout-16018d1d wp-block-buttons-is-layout-flex\"><\/div>\n<\/div>\n<\/div>\n<\/div><\/div>\n<\/div><\/div>\n\n\n\n<h4 class=\"wp-block-heading\">Pers\u00f6nliches oder station\u00e4res NaHG<\/h4>\n\n\n\n<p>ist eine spezifische Folge von Formen in bestimmten Farben, welche einen Menschen umgibt.<\/p>\n\n\n\n<p>Es werden Symbole in den Chakrenfarben verwendet und bieten so die Unterst\u00fctzung und du kannst an deinen Mustern und Glaubenss\u00e4tzen, die du entlassen m\u00f6chtest, arbeiten. Dies geschieht, in dem du die Energien um dich herum bewusst ausrichtest und du dadurch die Wahl hast diese zu wandeln.<\/p>\n\n\n\n<p>Es wird an drei aufeinander folgenden Tagen aktiviert und somit f\u00fcr seinen Wirkungsbereich verankert. Daher wirkt es wesentlich l\u00e4nger als eine Einzelform oder Essenz.<\/p>\n\n\n\n<p>Es ist f\u00fcr zirka 17 Monate aktiv und es erm\u00f6glicht dir dein Leben neu zu harmonisieren, aber immer nur zum h\u00f6chsten Wohl von Allem und dem g\u00f6ttlichen Plan entsprechend.<\/p>\n\n\n\n<p><\/p>\n\n\n\n<div class=\"wp-block-cover alignfull\" style=\"min-height:300px;aspect-ratio:unset;\"><span aria-hidden=\"true\" class=\"wp-block-cover__background has-nv-dark-bg-background-color has-background-dim-100 has-background-dim\"><\/span><div class=\"wp-block-cover__inner-container is-layout-flow wp-block-cover-is-layout-flow\">\n<div style=\"height:24px\" aria-hidden=\"true\" class=\"wp-block-spacer\"><\/div>\n\n\n\n<p class=\"has-text-align-center has-nv-text-dark-bg-color has-text-color\">\u201cZiel des Lebens ist es nicht, ein erfolgreicher Mensch zu sein, sondern ein wertvoller\u201d<\/p>\n\n\n\n<p class=\"has-text-align-center has-nv-text-dark-bg-color has-text-color\" style=\"font-size:14px\">ALBERT EINSTEIN<\/p>\n\n\n\n<div style=\"height:80px\" aria-hidden=\"true\" class=\"wp-block-spacer\"><\/div>\n<\/div><\/div>\n\n\n\n<p><\/p>\n","protected":false},"excerpt":{"rendered":"<p>Mit Leichtigkeit zur Heiligen GeometrieGeometrien sind in den Universen als \u201cfreie Software\u201d unendlich vorhanden und k\u00f6nnen von uns \u201cprogrammiert\u201d werdenDieses Gebet ist ein Meistergebet, das zum Einsatz kommt, wenn du gro\u00dfe Themen (auch karmische) bearbeiten m\u00f6chtest. Es gibt eine neue Version &#8211; LichtCom5. Es ist jetzt kompakter und auch f\u00fcr kleinere Bildschirme geeignet. Bildschirmaufl\u00f6sung von&hellip;&nbsp;<a href=\"https:\/\/peter.weidlinger.me\/?page_id=69\" rel=\"bookmark\">Weiterlesen &raquo;<span class=\"screen-reader-text\">Programm<\/span><\/a><\/p>\n","protected":false},"author":1,"featured_media":1210,"parent":0,"menu_order":0,"comment_status":"closed","ping_status":"closed","template":"","meta":{"neve_meta_sidebar":"full-width","neve_meta_container":"","neve_meta_enable_content_width":"on","neve_meta_content_width":100,"neve_meta_title_alignment":"","neve_meta_author_avatar":"","neve_post_elements_order":"","neve_meta_disable_header":"","neve_meta_disable_footer":"","neve_meta_disable_title":"on","footnotes":""},"class_list":["post-69","page","type-page","status-publish","has-post-thumbnail","hentry"],"_links":{"self":[{"href":"https:\/\/peter.weidlinger.me\/index.php?rest_route=\/wp\/v2\/pages\/69","targetHints":{"allow":["GET"]}}],"collection":[{"href":"https:\/\/peter.weidlinger.me\/index.php?rest_route=\/wp\/v2\/pages"}],"about":[{"href":"https:\/\/peter.weidlinger.me\/index.php?rest_route=\/wp\/v2\/types\/page"}],"author":[{"embeddable":true,"href":"https:\/\/peter.weidlinger.me\/index.php?rest_route=\/wp\/v2\/users\/1"}],"replies":[{"embeddable":true,"href":"https:\/\/peter.weidlinger.me\/index.php?rest_route=%2Fwp%2Fv2%2Fcomments&post=69"}],"version-history":[{"count":38,"href":"https:\/\/peter.weidlinger.me\/index.php?rest_route=\/wp\/v2\/pages\/69\/revisions"}],"predecessor-version":[{"id":1620,"href":"https:\/\/peter.weidlinger.me\/index.php?rest_route=\/wp\/v2\/pages\/69\/revisions\/1620"}],"wp:featuredmedia":[{"embeddable":true,"href":"https:\/\/peter.weidlinger.me\/index.php?rest_route=\/wp\/v2\/media\/1210"}],"wp:attachment":[{"href":"https:\/\/peter.weidlinger.me\/index.php?rest_route=%2Fwp%2Fv2%2Fmedia&parent=69"}],"curies":[{"name":"wp","href":"https:\/\/api.w.org\/{rel}","templated":true}]}}