{"id":952,"date":"2023-08-02T14:58:59","date_gmt":"2023-08-02T12:58:59","guid":{"rendered":"https:\/\/seelenlicht.info\/?page_id=952"},"modified":"2026-03-19T09:26:30","modified_gmt":"2026-03-19T08:26:30","slug":"faq","status":"publish","type":"page","link":"https:\/\/peter.weidlinger.me\/?page_id=952","title":{"rendered":"FAQ"},"content":{"rendered":"\n<p>L\u00f6sungen zum Bedienen des Programms<\/p>\n\n\n\n<div id=\"wp-block-themeisle-blocks-advanced-columns-2d132690\" class=\"wp-block-themeisle-blocks-advanced-columns has-1-columns has-desktop-equal-layout has-tablet-equal-layout has-mobile-equal-layout has-vertical-unset\"><div class=\"wp-block-themeisle-blocks-advanced-columns-overlay\"><\/div><div class=\"innerblocks-wrap\">\n<div id=\"wp-block-themeisle-blocks-advanced-column-c227ef91\" class=\"wp-block-themeisle-blocks-advanced-column\">\n<div id=\"wp-block-themeisle-blocks-accordion-31adf7c0\" class=\"wp-block-themeisle-blocks-accordion exclusive\">\n<details class=\"wp-block-themeisle-blocks-accordion-item\"><summary class=\"wp-block-themeisle-blocks-accordion-item__title\"><div>Programm ist nur in der Taskleiste sichtbar<\/div><\/summary><div class=\"wp-block-themeisle-blocks-accordion-item__content\">\n<p>Nach Updates von Windows oder Windows 10 kann es sein, dass sich das Programm nicht mehr \u00f6ffnen l\u00e4sst und nur mehr in der Taskleiste sichtbar ist.<br><img loading=\"lazy\" decoding=\"async\" src=\"https:\/\/peter.weidlinger.me\/wp-content\/uploads\/2023\/08\/ausschnitt.png\" alt=\"\" width=\"483\" height=\"316\"><br>Mit der Maus \u00fcber das Icon des LichtCom Programms fahren, nun im Auswahlfenster stehend, die rechte Maustaste dr\u00fccken und \u201cMaximieren\u201d ausw\u00e4hlen.<\/p>\n<\/div><\/details>\n\n\n\n<details class=\"wp-block-themeisle-blocks-accordion-item\"><summary class=\"wp-block-themeisle-blocks-accordion-item__title\"><div>Programm mit dem Taskmanager wieder sichtbar machen<\/div><\/summary><div class=\"wp-block-themeisle-blocks-accordion-item__content\">\n<p>Ansonsten evtl. mal den Taskmanager \u00f6ffnen ( STRG+ ALT+ENTF), in der Liste das zu aktivierende Programm, auf den Pfeil nach rechts klicken, jetzt rechtsklick auf das Programm und \u201cMaximieren\u201d oder \u201cIn den Vordergrund\u201d ausw\u00e4hlen.<br><img loading=\"lazy\" decoding=\"async\" src=\"https:\/\/peter.weidlinger.me\/wp-content\/uploads\/2023\/08\/TaskManager.jpg\" alt=\"\" width=\"561\" height=\"312\"><\/p>\n<\/div><\/details>\n\n\n\n<details class=\"wp-block-themeisle-blocks-accordion-item\"><summary class=\"wp-block-themeisle-blocks-accordion-item__title\"><div>Problem beim \u00d6ffnen eines Gebets<\/div><\/summary><div class=\"wp-block-themeisle-blocks-accordion-item__content\">\n<p>Das \u00d6ffnen eines bereits abgespeicherten NaHG, Sch\u00f6pfergebet, Gnadengebete oder Stoffsammlung ist nur vom ge\u00f6ffneten Programm aus m\u00f6glich. (nicht direkt durch Doppelklick des abgespeicherten Gebets)<br>Ab <strong>Version 4.1<\/strong> ist es m\u00f6glich alle abgespeichertes Dateien, durch Doppelklick zu starten!<\/p>\n<\/div><\/details>\n\n\n\n<details class=\"wp-block-themeisle-blocks-accordion-item\"><summary class=\"wp-block-themeisle-blocks-accordion-item__title\"><div>Fehlende Frequenzen oder Strukturen<\/div><\/summary><div class=\"wp-block-themeisle-blocks-accordion-item__content\">\n<p>Unter \u201cC:\\Program Files (x86)\\LichtCom\\unins000.exe\u201d Programm ausf\u00fchren, somit wird das Programm deinstalliert.<br><img loading=\"lazy\" decoding=\"async\" src=\"https:\/\/peter.weidlinger.me\/wp-content\/uploads\/2023\/08\/Del.png\" alt=\"\" width=\"756\" height=\"243\"><br>Nun kann das neu heruntergeladene Programm wieder installiert werden. Nach diesem Vorgang sollten wieder alle Strukturen und Frequenzen im Programm aufscheinen.<\/p>\n<\/div><\/details>\n\n\n\n<details class=\"wp-block-themeisle-blocks-accordion-item\"><summary class=\"wp-block-themeisle-blocks-accordion-item__title\"><div>Installation Fehlerhaft<\/div><\/summary><div class=\"wp-block-themeisle-blocks-accordion-item__content\">\n<p>Sollte nach der Installation diese oder eine \u00e4hnliche (.NET Framework) Fehlermeldung auftreten, dann muss diese Datei \u201eNDP461-DevPack-KB3105179-ENU.exe\u201c manuell installiert werden.<br>Die Datei befindet sich auf der Homepage als Link zum Download.<br><img loading=\"lazy\" decoding=\"async\" width=\"502\" height=\"216\" src=\"https:\/\/peter.weidlinger.me\/wp-content\/uploads\/2023\/08\/Fehler-Net.png\" alt=\"\"><\/p>\n\n\n\n<p><a href=\"https:\/\/dotnet.microsoft.com\/download\/dotnet-framework\/thank-you\/net48-developer-pack-offline-installer\" target=\"_blank\" rel=\"noopener\">.NET Framework &#8211; NDP4.8-DevPack-ENU.exe (140 MB)<\/a><\/p>\n<\/div><\/details>\n\n\n\n<details class=\"wp-block-themeisle-blocks-accordion-item\"><summary class=\"wp-block-themeisle-blocks-accordion-item__title\"><div>Wenn beim Start des Programms diese Meldung angezeigt wird<\/div><\/summary><div class=\"wp-block-themeisle-blocks-accordion-item__content\">\n<p>Es sind im Ordner \u201eEigene K\u00f6rper\u201c die Bilder, mit dem gleichen Namen versehen worden, die auch im Programm verwendet werden.<br>Bitte den Ordner \u00f6ffnen und die genannten Bilder umbenennen!!!<br><img loading=\"lazy\" decoding=\"async\" src=\"https:\/\/peter.weidlinger.me\/wp-content\/uploads\/2023\/08\/Fehlermeldung-eigeneKoerper.png\" alt=\"\" width=\"316\" height=\"224\"><\/p>\n<\/div><\/details>\n<\/div>\n<\/div>\n<\/div><\/div>\n\n\n\n<div id=\"wp-block-themeisle-blocks-accordion-cab2b0b8\" class=\"wp-block-themeisle-blocks-accordion exclusive\">\n<details class=\"wp-block-themeisle-blocks-accordion-item\"><summary class=\"wp-block-themeisle-blocks-accordion-item__title\"><div>Wenn Virenprogramm das Programm nicht herunterladen l\u00e4sst<\/div><\/summary><div class=\"wp-block-themeisle-blocks-accordion-item__content\">\n<figure class=\"wp-block-image size-large\"><img decoding=\"async\" src=\"https:\/\/peter.weidlinger.me\/wp-content\/uploads\/2023\/08\/3.png\" alt=\"\"\/><\/figure>\n\n\n\n<p>Auf &#8220;Mehr anzeigen&#8221; dr\u00fccken<\/p>\n\n\n\n<figure class=\"wp-block-image size-large\"><img decoding=\"async\" src=\"https:\/\/peter.weidlinger.me\/wp-content\/uploads\/2023\/08\/4.png\" alt=\"\"\/><\/figure>\n\n\n\n<p>Auf &#8220;Trotzdem beibehalten&#8221; dr\u00fccken<\/p>\n\n\n\n<figure class=\"wp-block-image size-full\"><img loading=\"lazy\" decoding=\"async\" width=\"367\" height=\"255\" src=\"https:\/\/peter.weidlinger.me\/wp-content\/uploads\/2023\/08\/2.png\" alt=\"\" class=\"wp-image-908\" srcset=\"https:\/\/peter.weidlinger.me\/wp-content\/uploads\/2023\/08\/2.png 367w, https:\/\/peter.weidlinger.me\/wp-content\/uploads\/2023\/08\/2-300x208.png 300w\" sizes=\"auto, (max-width: 367px) 100vw, 367px\" \/><\/figure>\n\n\n\n<p>Auf &#8220;Beibehalten&#8221; dr\u00fccken<\/p>\n<\/div><\/details>\n\n\n\n<details class=\"wp-block-themeisle-blocks-accordion-item\"><summary class=\"wp-block-themeisle-blocks-accordion-item__title\"><div>Wenn Virenprogramm die Installation anh\u00e4lt<\/div><\/summary><div class=\"wp-block-themeisle-blocks-accordion-item__content\">\n<figure class=\"wp-block-image size-full\"><img loading=\"lazy\" decoding=\"async\" width=\"634\" height=\"624\" src=\"https:\/\/peter.weidlinger.me\/wp-content\/uploads\/2024\/07\/VI1.png\" alt=\"\" class=\"wp-image-1330\" srcset=\"https:\/\/peter.weidlinger.me\/wp-content\/uploads\/2024\/07\/VI1.png 634w, https:\/\/peter.weidlinger.me\/wp-content\/uploads\/2024\/07\/VI1-300x295.png 300w\" sizes=\"auto, (max-width: 634px) 100vw, 634px\" \/><\/figure>\n\n\n\n<p>Auf &#8220;Weitere Informationen&#8221; dr\u00fccken<\/p>\n\n\n\n<figure class=\"wp-block-image size-full\"><img loading=\"lazy\" decoding=\"async\" width=\"628\" height=\"602\" src=\"https:\/\/peter.weidlinger.me\/wp-content\/uploads\/2024\/07\/VI2.png\" alt=\"\" class=\"wp-image-1331\" srcset=\"https:\/\/peter.weidlinger.me\/wp-content\/uploads\/2024\/07\/VI2.png 628w, https:\/\/peter.weidlinger.me\/wp-content\/uploads\/2024\/07\/VI2-300x288.png 300w\" sizes=\"auto, (max-width: 628px) 100vw, 628px\" \/><\/figure>\n\n\n\n<p>Auf &#8220;Trotzdem ausf\u00fchren&#8221; dr\u00fccken<\/p>\n\n\n\n<figure class=\"wp-block-image size-large is-resized\"><img loading=\"lazy\" decoding=\"async\" width=\"1024\" height=\"913\" src=\"https:\/\/peter.weidlinger.me\/wp-content\/uploads\/2024\/07\/VI3-1024x913.jpg\" alt=\"\" class=\"wp-image-1332\" style=\"width:631px;height:auto\" srcset=\"https:\/\/peter.weidlinger.me\/wp-content\/uploads\/2024\/07\/VI3-1024x913.jpg 1024w, https:\/\/peter.weidlinger.me\/wp-content\/uploads\/2024\/07\/VI3-300x268.jpg 300w, https:\/\/peter.weidlinger.me\/wp-content\/uploads\/2024\/07\/VI3-768x685.jpg 768w, https:\/\/peter.weidlinger.me\/wp-content\/uploads\/2024\/07\/VI3-1536x1370.jpg 1536w, https:\/\/peter.weidlinger.me\/wp-content\/uploads\/2024\/07\/VI3-2048x1827.jpg 2048w\" sizes=\"auto, (max-width: 1024px) 100vw, 1024px\" \/><\/figure>\n\n\n\n<p>Auf &#8220;Ja&#8221; dr\u00fccken<\/p>\n<\/div><\/details>\n<\/div>\n\n\n\n<div id=\"wp-block-themeisle-blocks-accordion-5e246277\" class=\"wp-block-themeisle-blocks-accordion exclusive\">\n<details class=\"wp-block-themeisle-blocks-accordion-item\"><summary class=\"wp-block-themeisle-blocks-accordion-item__title\"><div>Anleitungsvideo an Beispiel LichtCom 5<\/div><\/summary><div class=\"wp-block-themeisle-blocks-accordion-item__content\">\n<a href=\"https:\/\/peter.weidlinger.me\/wp-content\/uploads\/2024\/07\/VEN.mp4\" target=\"_blank\" rel=\"noopener\"><img decoding=\"async\" src=\"https:\/\/peter.weidlinger.me\/wp-content\/uploads\/2023\/08\/Mp4-Export_52px_g.png\" alt=\"PDF\"\/>  pers\u00f6nliches NaHG<\/a>\n\n\n\n<hr class=\"wp-block-separator has-alpha-channel-opacity\"\/>\n\n\n\n<a href=\"https:\/\/peter.weidlinger.me\/wp-content\/uploads\/2024\/07\/VE49.mp4\" target=\"_blank\" rel=\"noopener\"><img decoding=\"async\" src=\"https:\/\/peter.weidlinger.me\/wp-content\/uploads\/2023\/08\/Mp4-Export_52px.png\" alt=\"PDF\"\/>  Sch\u00f6pfergebet<\/a>\n\n\n\n<hr class=\"wp-block-separator has-alpha-channel-opacity\"\/>\n\n\n\n<a href=\"https:\/\/peter.weidlinger.me\/wp-content\/uploads\/2024\/07\/VE144.mp4\" target=\"_blank\" rel=\"noopener\"><img decoding=\"async\" src=\"https:\/\/peter.weidlinger.me\/wp-content\/uploads\/2023\/08\/Mp4-Export_52px_g.png\" alt=\"PDF\"\/>  Gnadengebet<\/a>\n\n\n\n<hr class=\"wp-block-separator has-alpha-channel-opacity\"\/>\n\n\n\n<a href=\"https:\/\/peter.weidlinger.me\/wp-content\/uploads\/2024\/07\/VE144-5.mp4\" target=\"_blank\" rel=\"noopener\"><img decoding=\"async\" src=\"https:\/\/peter.weidlinger.me\/wp-content\/uploads\/2023\/08\/Mp4-Export_52px.png\" alt=\"PDF\"\/>  Gnadengebet 5 fache Geschwindigkeit<\/a>\n<\/div><\/details>\n<\/div>\n\n\n\n<div id=\"wp-block-themeisle-blocks-accordion-f9a89f74\" class=\"wp-block-themeisle-blocks-accordion exclusive\">\n<details class=\"wp-block-themeisle-blocks-accordion-item\"><summary class=\"wp-block-themeisle-blocks-accordion-item__title\"><div>LichtCom 5<\/div><\/summary><div class=\"wp-block-themeisle-blocks-accordion-item__content\">\n<p>Bei der Installation des Programms wird \u00fcberpr\u00fcft ob die .Net Runtime ben\u00f6tigt wird. Sollte dies der Fall sein, wird automatisch diese heruntergeladen. Danach muss diese noch manuell installiert werden.<\/p>\n\n\n\n<p><\/p>\n\n\n\n<figure class=\"wp-block-image size-full\"><img loading=\"lazy\" decoding=\"async\" width=\"355\" height=\"236\" src=\"https:\/\/peter.weidlinger.me\/wp-content\/uploads\/2024\/05\/FehlerNet8.jpg\" alt=\"\" class=\"wp-image-1318\" srcset=\"https:\/\/peter.weidlinger.me\/wp-content\/uploads\/2024\/05\/FehlerNet8.jpg 355w, https:\/\/peter.weidlinger.me\/wp-content\/uploads\/2024\/05\/FehlerNet8-300x199.jpg 300w\" sizes=\"auto, (max-width: 355px) 100vw, 355px\" \/><\/figure>\n\n\n\n<p><\/p>\n\n\n\n<p>Der Downloadlink f\u00fcr die manuelle Installation lautet: <\/p>\n\n\n\n<p><a href=\"https:\/\/dotnet.microsoft.com\/en-us\/download\/dotnet\/thank-you\/runtime-desktop-8.0.18-windows-x64-installer\" target=\"_blank\" rel=\"noreferrer noopener\">.Net Runtime &#8211; https:\/\/dotnet.microsoft.com\/en-us\/download\/dotnet\/thank-you\/runtime-desktop-8.0.18-windows-x64-installer<\/a><\/p>\n<\/div><\/details>\n<\/div>\n\n\n\n<p><\/p>\n","protected":false},"excerpt":{"rendered":"<p>L\u00f6sungen zum Bedienen des Programms<\/p>\n","protected":false},"author":1,"featured_media":0,"parent":0,"menu_order":0,"comment_status":"closed","ping_status":"closed","template":"","meta":{"neve_meta_sidebar":"","neve_meta_container":"","neve_meta_enable_content_width":"","neve_meta_content_width":0,"neve_meta_title_alignment":"","neve_meta_author_avatar":"","neve_post_elements_order":"","neve_meta_disable_header":"","neve_meta_disable_footer":"","neve_meta_disable_title":"","_themeisle_gutenberg_block_has_review":false,"footnotes":""},"class_list":["post-952","page","type-page","status-publish","hentry"],"_links":{"self":[{"href":"https:\/\/peter.weidlinger.me\/index.php?rest_route=\/wp\/v2\/pages\/952","targetHints":{"allow":["GET"]}}],"collection":[{"href":"https:\/\/peter.weidlinger.me\/index.php?rest_route=\/wp\/v2\/pages"}],"about":[{"href":"https:\/\/peter.weidlinger.me\/index.php?rest_route=\/wp\/v2\/types\/page"}],"author":[{"embeddable":true,"href":"https:\/\/peter.weidlinger.me\/index.php?rest_route=\/wp\/v2\/users\/1"}],"replies":[{"embeddable":true,"href":"https:\/\/peter.weidlinger.me\/index.php?rest_route=%2Fwp%2Fv2%2Fcomments&post=952"}],"version-history":[{"count":29,"href":"https:\/\/peter.weidlinger.me\/index.php?rest_route=\/wp\/v2\/pages\/952\/revisions"}],"predecessor-version":[{"id":1644,"href":"https:\/\/peter.weidlinger.me\/index.php?rest_route=\/wp\/v2\/pages\/952\/revisions\/1644"}],"wp:attachment":[{"href":"https:\/\/peter.weidlinger.me\/index.php?rest_route=%2Fwp%2Fv2%2Fmedia&parent=952"}],"curies":[{"name":"wp","href":"https:\/\/api.w.org\/{rel}","templated":true}]}}